{"id":55549,"date":"2024-02-05T09:05:03","date_gmt":"2024-02-05T09:05:03","guid":{"rendered":"https:\/\/ticketmaster-enterprise.local\/why-ticketmaster\/"},"modified":"2024-12-11T18:49:31","modified_gmt":"2024-12-11T18:49:31","slug":"why-ticketmaster","status":"publish","type":"page","link":"https:\/\/business.ticketmaster.com.br\/pt\/why-ticketmaster\/","title":{"rendered":"Por que Ticketmaster"},"content":{"rendered":"\n<div class=\"wp-block-group alignfull is-style-padding-alt-2 has-base-color has-contrast-background-color has-text-color has-background has-link-color wp-elements-29c85afb70f9a6b1344ec6ac319db05b has-global-padding is-layout-constrained wp-block-group-is-layout-constrained\">\n<section class=\"wp-block-group alignwide is-layout-flow wp-block-group-is-layout-flow\">\n<div class=\"wp-block-columns is-style-lg-row-reverse is-layout-flex wp-container-core-columns-is-layout-28f84493 wp-block-columns-is-layout-flex\">\n<div class=\"wp-block-column is-layout-flow wp-block-column-is-layout-flow\" style=\"flex-basis:40%\"><div  class=\"align wp-block-acf-pull-to-edge\">\n\t<div class=\"pull-to-edge pull-to-edge--right\">\n<div  class=\"align wp-block-acf-tm-shapes\">\n    <div class=\"tm-shapes\">\n        <div class=\"shape shape--square has-base-background-color\"><\/div>\n        <div class=\"shape shape--circle has-primary-background-color\"><\/div>\n    <\/div>\n<\/div>\n<\/div>\t\n<\/div><\/div>\n\n\n\n<div class=\"wp-block-column is-layout-flow wp-block-column-is-layout-flow\" style=\"flex-basis:60%\"><h1 class=\"wp-block-post-title\">Por que Ticketmaster<\/h1>\n\n\n<p class=\"is-style-max-width\">Voc\u00ea conhece cada detalhe do seu neg\u00f3cio: nunca para, atravessa noites em claro e fins de semana recordes. Por isso, voc\u00ea merece um parceiro que possa te apoiar \u2014 em cada evento, cada jogo e cada show.<\/p>\n\n\n\n<div class=\"wp-block-buttons is-layout-flex wp-block-buttons-is-layout-flex\" style=\"margin-top:var(--wp--preset--spacing--large)\">\n<div class=\"wp-block-button\"><a class=\"wp-block-button__link has-primary-background-color has-background wp-element-button\" href=\"https:\/\/business.ticketmaster.com.br\/work-with-us\/\">Trabalhe Conosco<\/a><\/div>\n<\/div>\n<\/div>\n<\/div>\n<\/section>\n<\/div>\n\n\n\n<div class=\"wp-block-group is-style-default has-base-background-color has-background has-global-padding is-layout-constrained wp-block-group-is-layout-constrained\">\n<div class=\"wp-block-columns alignwide is-style-more-space is-layout-flex wp-container-core-columns-is-layout-28f84493 wp-block-columns-is-layout-flex\">\n<div class=\"wp-block-column is-layout-flow wp-block-column-is-layout-flow\">\n<h2 class=\"wp-block-heading alignwide is-style-eyebrow\">SUCESSO CONSTRU\u00cdDO NA PARCERIA &amp; INOVA\u00c7\u00c3O<\/h2>\n<\/div>\n\n\n\n<div class=\"wp-block-column is-layout-flow wp-block-column-is-layout-flow\">\n<p>Estamos honrados em fazer parceria com voc\u00ea e preparar seu neg\u00f3cio para o sucesso com insights l\u00edderes do setor, alcance incompar\u00e1vel e ferramentas simplificadas e f\u00e1ceis de usar.<\/p>\n<\/div>\n<\/div>\n<\/div>\n\n\n\n<div class=\"wp-block-group has-base-background-color has-background is-layout-flow wp-block-group-is-layout-flow\" style=\"padding-top:0;padding-bottom:0\"><div  class=\"align wp-block-acf-scroll-jack\">\n    <div class=\"scroll-jack__wrapper\">\n        <div class=\"scroll-jack\">\n<div  class=\"align wp-block-acf-scroll-jack-slide\">\n\t<div class=\"inner-content\">\n\n<div class=\"wp-block-group scroll-jack-slide__content has-base-color has-primary-background-color has-text-color has-background has-link-color wp-elements-4350036786803394b6303d47317a1c6b is-layout-flow wp-block-group-is-layout-flow\">\n<div class=\"wp-block-group is-style-default is-layout-flow wp-block-group-is-layout-flow\">\n<h2 class=\"wp-block-heading is-style-eyebrow\">NOSSO TIME<\/h2>\n\n\n\n<p class=\"is-style-default has-medium-font-size\">Nosso pessoal \u2014 e o suporte que eles oferecem \u2014 s\u00e3o uma das nossas maiores for\u00e7as e um dos seus maiores benef\u00edcios.<\/p>\n\n\n\n<div class=\"wp-block-buttons is-layout-flex wp-block-buttons-is-layout-flex\" style=\"margin-top:var(--wp--preset--spacing--large)\">\n<div class=\"wp-block-button is-style-arrow\"><a class=\"wp-block-button__link has-base-color has-text-color has-link-color wp-element-button\" href=\"https:\/\/business.ticketmaster.com.br\/pt\/why-ticketmaster\/our-team\/\">Nos Conhe\u00e7a\n            <span class='tme-button-icon tme-button-icon--arrow' aria-hidden='true'>\n                <svg xmlns='http:\/\/www.w3.org\/2000\/svg' width='41' height='16' viewBox='0 0 41 16' fill='none'><path d='M40.7071 8.70711C41.0976 8.31658 41.0976 7.68342 40.7071 7.29289L34.3431 0.928932C33.9526 0.538408 33.3195 0.538408 32.9289 0.928932C32.5384 1.31946 32.5384 1.95262 32.9289 2.34315L38.5858 8L32.9289 13.6569C32.5384 14.0474 32.5384 14.6805 32.9289 15.0711C33.3195 15.4616 33.9526 15.4616 34.3431 15.0711L40.7071 8.70711ZM0 9H40V7H0V9Z' fill='currentColor'\/><\/svg>\n            <\/span>\n        <\/a><\/div>\n<\/div>\n<\/div>\n<\/div>\n\n\n\n<div class=\"wp-block-group scroll-jack-slide__media is-layout-flow wp-block-group-is-layout-flow\"><div  class=\"statistic-count--2 align wp-block-acf-statistics\">\n\t<div class=\"statistics\">\n<div  class=\"statistic--rounded align wp-block-acf-statistic\">\n\t<div class=\"inner-content\">\n\n<div class=\"wp-block-group statistic-content has-base-color has-contrast-2-background-color has-text-color has-background has-link-color wp-elements-3345575356b1cadb9bf9b45a7a00362a is-layout-flow wp-container-core-group-is-layout-a77db08e wp-block-group-is-layout-flow\">\n<div class=\"wp-block-group statistic-content__position is-layout-flow wp-container-core-group-is-layout-a77db08e wp-block-group-is-layout-flow\">\n<p class=\"has-text-align-center statistic-content__title\">4.1<\/p>\n\n\n\n<p class=\"has-text-align-center statistic-content__caption\">Pontua\u00e7\u00e3o de Confian\u00e7a<\/p>\n\n\n\n<p class=\"has-text-align-center has-small-font-size\">A marca mais confi\u00e1vel em venda de ingressos<br><\/p>\n<\/div>\n<\/div>\n\n<\/div>\t\n<\/div>\n<\/div>\t\n<\/div><\/div>\n\n<\/div>\t\n<\/div>\n\n\n\n<div  class=\"align wp-block-acf-scroll-jack-slide\">\n\t<div class=\"inner-content\">\n\n<div class=\"wp-block-group scroll-jack-slide__content has-base-color has-base-background-color has-text-color has-background has-link-color wp-elements-87c39dd6a9087c0b732973d7cb9aa2a1 is-layout-flow wp-block-group-is-layout-flow\">\n<div class=\"wp-block-group is-style-default is-layout-flow wp-block-group-is-layout-flow\">\n<h2 class=\"wp-block-heading is-style-eyebrow has-contrast-color has-text-color has-link-color wp-elements-1053299175869a9729267ccee2518056\">NOSSA HIST\u00d3RIA<\/h2>\n\n\n\n<p class=\"is-style-default has-contrast-color has-text-color has-link-color has-medium-font-size wp-elements-9f0554fcb573f20742b7f1ed24b17450\">Somos o parceiro que est\u00e1 investindo em voc\u00ea e nos seus f\u00e3s, para mant\u00ea-los na vanguarda do que vem por a\u00ed.<\/p>\n\n\n\n<div class=\"wp-block-buttons is-layout-flex wp-block-buttons-is-layout-flex\" style=\"margin-top:var(--wp--preset--spacing--large)\">\n<div class=\"wp-block-button is-style-arrow\"><a class=\"wp-block-button__link has-contrast-color has-text-color has-link-color wp-element-button\" href=\"https:\/\/business.ticketmaster.com.br\/pt\/why-ticketmaster\/our-story\/\">Veja Nossa Jornada\n            <span class='tme-button-icon tme-button-icon--arrow' aria-hidden='true'>\n                <svg xmlns='http:\/\/www.w3.org\/2000\/svg' width='41' height='16' viewBox='0 0 41 16' fill='none'><path d='M40.7071 8.70711C41.0976 8.31658 41.0976 7.68342 40.7071 7.29289L34.3431 0.928932C33.9526 0.538408 33.3195 0.538408 32.9289 0.928932C32.5384 1.31946 32.5384 1.95262 32.9289 2.34315L38.5858 8L32.9289 13.6569C32.5384 14.0474 32.5384 14.6805 32.9289 15.0711C33.3195 15.4616 33.9526 15.4616 34.3431 15.0711L40.7071 8.70711ZM0 9H40V7H0V9Z' fill='currentColor'\/><\/svg>\n            <\/span>\n        <\/a><\/div>\n<\/div>\n<\/div>\n<\/div>\n\n\n\n<div class=\"wp-block-group scroll-jack-slide__media is-layout-flow wp-block-group-is-layout-flow\"><div  class=\"statistic-count--2 align wp-block-acf-statistics\">\n\t<div class=\"statistics\">\n<div  class=\"align wp-block-acf-statistic\">\n\t<div class=\"inner-content\">\n\n<div class=\"wp-block-group statistic-content has-base-color has-contrast-background-color has-text-color has-background has-link-color wp-elements-32f2519a3f23ae756f4464c190f82879 is-layout-flow wp-container-core-group-is-layout-a77db08e wp-block-group-is-layout-flow\">\n<div class=\"wp-block-group statistic-content__position is-layout-flow wp-container-core-group-is-layout-a77db08e wp-block-group-is-layout-flow\">\n<p class=\"has-text-align-center statistic-content__title\">1976<\/p>\n\n\n\n<p class=\"has-text-align-center statistic-content__caption\">ano em que a ticketmaster foi fundada<\/p>\n<\/div>\n<\/div>\n\n<\/div>\t\n<\/div>\n<\/div>\t\n<\/div><\/div>\n\n<\/div>\t\n<\/div>\n\n\n\n<div  class=\"align wp-block-acf-scroll-jack-slide\">\n\t<div class=\"inner-content\">\n\n<div class=\"wp-block-group scroll-jack-slide__content has-base-color has-primary-background-color has-text-color has-background has-link-color wp-elements-136e9e144b7d3a26c61a2a2ac5fff0db is-layout-flow wp-block-group-is-layout-flow\">\n<div class=\"wp-block-group is-style-default is-layout-flow wp-block-group-is-layout-flow\">\n<h2 class=\"wp-block-heading is-style-eyebrow\">NOSSOS CLIENTES<\/h2>\n\n\n\n<p class=\"is-style-default has-medium-font-size\">Confiado pelos clientes mais renomados em esportes, festivais, locais e marcas ao redor do mundo.<\/p>\n\n\n\n<div class=\"wp-block-buttons is-layout-flex wp-block-buttons-is-layout-flex\" style=\"margin-top:var(--wp--preset--spacing--large)\">\n<div class=\"wp-block-button is-style-arrow\"><a class=\"wp-block-button__link has-base-color has-text-color has-link-color wp-element-button\" href=\"https:\/\/business.ticketmaster.com.br\/pt\/why-ticketmaster\/our-clients\/\">Saiba mais\n            <span class='tme-button-icon tme-button-icon--arrow' aria-hidden='true'>\n                <svg xmlns='http:\/\/www.w3.org\/2000\/svg' width='41' height='16' viewBox='0 0 41 16' fill='none'><path d='M40.7071 8.70711C41.0976 8.31658 41.0976 7.68342 40.7071 7.29289L34.3431 0.928932C33.9526 0.538408 33.3195 0.538408 32.9289 0.928932C32.5384 1.31946 32.5384 1.95262 32.9289 2.34315L38.5858 8L32.9289 13.6569C32.5384 14.0474 32.5384 14.6805 32.9289 15.0711C33.3195 15.4616 33.9526 15.4616 34.3431 15.0711L40.7071 8.70711ZM0 9H40V7H0V9Z' fill='currentColor'\/><\/svg>\n            <\/span>\n        <\/a><\/div>\n<\/div>\n<\/div>\n<\/div>\n\n\n\n<div class=\"wp-block-group scroll-jack-slide__media is-layout-flow wp-block-group-is-layout-flow\"><div  class=\"statistic-count--2 align wp-block-acf-statistics\">\n\t<div class=\"statistics\">\n<div  class=\"statistic--rounded align wp-block-acf-statistic\">\n\t<div class=\"inner-content\">\n\n<div class=\"wp-block-group statistic-content has-base-color has-tertiary-3-background-color has-text-color has-background has-link-color wp-elements-96d65ba994b8c1846104209bd1482c9d is-layout-flow wp-container-core-group-is-layout-a77db08e wp-block-group-is-layout-flow\">\n<div class=\"wp-block-group statistic-content__position is-layout-flow wp-container-core-group-is-layout-a77db08e wp-block-group-is-layout-flow\">\n<p class=\"has-text-align-center statistic-content__title\">9 mil<\/p>\n\n\n\n<p class=\"has-text-align-center statistic-content__caption\">Clientes Globais<\/p>\n<\/div>\n<\/div>\n\n<\/div>\t\n<\/div>\n<\/div>\t\n<\/div><\/div>\n\n<\/div>\t\n<\/div>\n\n\n<\/div>\t\n    <\/div>\n<\/div><\/div>\n\n\n\n<div class=\"wp-block-group is-layout-flow wp-block-group-is-layout-flow\">\n<div class=\"wp-block-group is-style-padding-alt-3 has-base-color has-contrast-background-color has-text-color has-background has-link-color wp-elements-77255be5c98ff2dd53b7c964c98e20f0 has-global-padding is-layout-constrained wp-block-group-is-layout-constrained\">\n<div class=\"wp-block-columns alignwide is-layout-flex wp-container-core-columns-is-layout-7d34dece wp-block-columns-is-layout-flex\" style=\"padding-bottom:var(--wp--preset--spacing--large)\">\n<div class=\"wp-block-column is-layout-flow wp-block-column-is-layout-flow\">\n<h2 class=\"wp-block-heading alignwide is-style-eyebrow\">APROVEITE AO M\u00c1XIMO SUAS SOLU\u00c7\u00d5ES<\/h2>\n<\/div>\n\n\n\n<div class=\"wp-block-column is-layout-flow wp-container-core-column-is-layout-360d14ef wp-block-column-is-layout-flow\">\n<p>Mergulhe em alguns recursos pr\u00e1ticos, como guias da nossa cole\u00e7\u00e3o de Insights, para ajudar voc\u00ea a aprender como maximizar os resultados usando nossas ferramentas e servi\u00e7os.<\/p>\n\n\n\n<div class=\"wp-block-buttons is-layout-flex wp-block-buttons-is-layout-flex\">\n<div class=\"wp-block-button is-style-arrow\"><a class=\"wp-block-button__link has-base-color has-text-color has-link-color wp-element-button\" href=\"https:\/\/business.ticketmaster.com.br\/insights\/\">Ver Todos Os Insights\n            <span class='tme-button-icon tme-button-icon--arrow' aria-hidden='true'>\n                <svg xmlns='http:\/\/www.w3.org\/2000\/svg' width='41' height='16' viewBox='0 0 41 16' fill='none'><path d='M40.7071 8.70711C41.0976 8.31658 41.0976 7.68342 40.7071 7.29289L34.3431 0.928932C33.9526 0.538408 33.3195 0.538408 32.9289 0.928932C32.5384 1.31946 32.5384 1.95262 32.9289 2.34315L38.5858 8L32.9289 13.6569C32.5384 14.0474 32.5384 14.6805 32.9289 15.0711C33.3195 15.4616 33.9526 15.4616 34.3431 15.0711L40.7071 8.70711ZM0 9H40V7H0V9Z' fill='currentColor'\/><\/svg>\n            <\/span>\n        <\/a><\/div>\n<\/div>\n<\/div>\n<\/div>\n<\/div>\n\n\n\n<div class=\"wp-block-group is-style-default has-base-color has-primary-background-color has-text-color has-background has-link-color wp-elements-6e5eb703cf014edb4c78c0049b1c6c29 has-global-padding is-layout-constrained wp-block-group-is-layout-constrained\" style=\"padding-top:0\"><div  class=\"alignwide wp-block-acf-top-picks\">\n    <div class=\"top-picks\" style=\"--top-picks-fill:var(--wp--preset--color--contrast)\">\n        <div class=\"top-picks__content\">\n                <\/div>\n        <div class=\"top-picks__controls\" data-count=\"3\">\n            <button class=\"top-picks-prev\" type=\"button\">\n                <span class=\"icon\" aria-hidden=\"true\"><svg viewBox=\"0 0 16 8\" fill=\"none\" xmlns=\"http:\/\/www.w3.org\/2000\/svg\">\n<path d=\"M15.0905 0.993277C15.3226 1.28978 15.2963 1.70632 15.0445 1.97143L14.9623 2.04616L8.46229 7.13473C8.22091 7.3237 7.89263 7.3447 7.63193 7.19772L7.53764 7.13473L1.03764 2.04616C0.711489 1.79082 0.654076 1.31943 0.90941 0.993276C1.14153 0.696771 1.55221 0.622367 1.87001 0.803126L1.96229 0.865041L7.99997 5.5916L14.0376 0.865042C14.3342 0.63292 14.7507 0.659267 15.0158 0.911021L15.0905 0.993277Z\" fill=\"currentColor\"\/>\n<\/svg><\/span>\n                <span class=\"visually-hidden\">Previous<\/span>\n            <\/button>\n            <button class=\"top-picks-next\" type=\"button\">\n                <span class=\"icon\" aria-hidden=\"true\"><svg viewBox=\"0 0 16 8\" fill=\"none\" xmlns=\"http:\/\/www.w3.org\/2000\/svg\">\n<path d=\"M15.0905 0.993277C15.3226 1.28978 15.2963 1.70632 15.0445 1.97143L14.9623 2.04616L8.46229 7.13473C8.22091 7.3237 7.89263 7.3447 7.63193 7.19772L7.53764 7.13473L1.03764 2.04616C0.711489 1.79082 0.654076 1.31943 0.90941 0.993276C1.14153 0.696771 1.55221 0.622367 1.87001 0.803126L1.96229 0.865041L7.99997 5.5916L14.0376 0.865042C14.3342 0.63292 14.7507 0.659267 15.0158 0.911021L15.0905 0.993277Z\" fill=\"currentColor\"\/>\n<\/svg><\/span>\n                <span class=\"visually-hidden\">Next<\/span>\n            <\/button>\n        <\/div>\n    <\/div>\n<\/div><\/div>\n<\/div>\n\n\n<div  style=\"margin-top:0;\" class=\"align wp-block-acf-work-with-us\">\n\n    <div class=\"work-with-us\">\n        <div class=\"work-with-us__image\">\n            <div class=\"work-with-us__content\">\n\n<h2 class=\"wp-block-heading has-base-color has-text-color has-link-color wp-elements-8115a4aa244b1d9da57fb5a290d2a0dd\">Pronto para Come\u00e7ar?<\/h2>\n\n<\/div>\n            <div class=\"images\">\n                <img loading=\"lazy\" decoding=\"async\" width=\"1024\" height=\"682\" src=\"https:\/\/business.ticketmaster.com.br\/pt\/wp-content\/uploads\/sites\/2\/2024\/02\/pp-scaled-1-1024x682.jpeg\" class=\"initial-image\" alt=\"\" srcset=\"https:\/\/business.ticketmaster.com.br\/pt\/wp-content\/uploads\/sites\/2\/2024\/02\/pp-scaled-1-1024x682.jpeg 1024w, https:\/\/business.ticketmaster.com.br\/pt\/wp-content\/uploads\/sites\/2\/2024\/02\/pp-scaled-1-300x200.jpeg 300w, https:\/\/business.ticketmaster.com.br\/pt\/wp-content\/uploads\/sites\/2\/2024\/02\/pp-scaled-1-768x512.jpeg 768w, https:\/\/business.ticketmaster.com.br\/pt\/wp-content\/uploads\/sites\/2\/2024\/02\/pp-scaled-1-1536x1024.jpeg 1536w, https:\/\/business.ticketmaster.com.br\/pt\/wp-content\/uploads\/sites\/2\/2024\/02\/pp-scaled-1-2048x1365.jpeg 2048w, https:\/\/business.ticketmaster.com.br\/pt\/wp-content\/uploads\/sites\/2\/2024\/02\/pp-scaled-1-1500x1000.jpeg 1500w\" sizes=\"auto, (max-width: 1024px) 100vw, 1024px\" \/>            <\/div>\n        <\/div>\n        <div class=\"work-with-us__link-disc\">\n            <span>Trabalhe Conosco <span><svg xmlns=\"http:\/\/www.w3.org\/2000\/svg\" viewBox=\"0 0 41 16\" fill=\"none\">\n  <path d=\"M40.7071 8.70711C41.0976 8.31658 41.0976 7.68342 40.7071 7.29289L34.3431 0.928932C33.9526 0.538408 33.3195 0.538408 32.9289 0.928932C32.5384 1.31946 32.5384 1.95262 32.9289 2.34315L38.5858 8L32.9289 13.6569C32.5384 14.0474 32.5384 14.6805 32.9289 15.0711C33.3195 15.4616 33.9526 15.4616 34.3431 15.0711L40.7071 8.70711ZM0 9H40V7H0V9Z\" fill=\"var(--wp--preset--color--primary)\"\/>\n<\/svg><\/span><\/span>\n        <\/div>\n        <a class=\"work-with-us__link\" href=\"https:\/\/business.ticketmaster.com.br\/pt\/work-with-us\/\" title=\"Trabalhe Conosco\"><span>Trabalhe Conosco<\/span><\/a>\n    <\/div>\n<\/div>","protected":false},"excerpt":{"rendered":"<p>Voc\u00ea conhece cada detalhe do seu neg\u00f3cio: nunca para, atravessa noites em claro e fins de semana recordes. Por isso, voc\u00ea merece um parceiro que possa te apoiar \u2014 em cada evento, cada jogo e cada show. SUCESSO CONSTRU\u00cdDO NA PARCERIA &amp; INOVA\u00c7\u00c3O Estamos honrados em fazer parceria com voc\u00ea e preparar seu neg\u00f3cio para [&hellip;]<\/p>\n","protected":false},"author":82,"featured_media":0,"parent":0,"menu_order":1,"comment_status":"closed","ping_status":"closed","template":"","meta":{"_acf_changed":false,"_relevanssi_hide_post":"","_relevanssi_hide_content":"","_relevanssi_pin_for_all":"","_relevanssi_pin_keywords":"","_relevanssi_unpin_keywords":"","_relevanssi_related_keywords":"","_relevanssi_related_include_ids":"","_relevanssi_related_exclude_ids":"","_relevanssi_related_no_append":"","_relevanssi_related_not_related":"","_relevanssi_related_posts":"55294,55589,55182","_relevanssi_noindex_reason":"","footnotes":""},"admin-category":[],"solution":[],"segment":[],"venue":[],"topic":[],"class_list":["post-55549","page","type-page","status-publish","hentry"],"acf":[],"_links":{"self":[{"href":"https:\/\/business.ticketmaster.com.br\/pt\/wp-json\/wp\/v2\/pages\/55549","targetHints":{"allow":["GET"]}}],"collection":[{"href":"https:\/\/business.ticketmaster.com.br\/pt\/wp-json\/wp\/v2\/pages"}],"about":[{"href":"https:\/\/business.ticketmaster.com.br\/pt\/wp-json\/wp\/v2\/types\/page"}],"author":[{"embeddable":true,"href":"https:\/\/business.ticketmaster.com.br\/pt\/wp-json\/wp\/v2\/users\/82"}],"replies":[{"embeddable":true,"href":"https:\/\/business.ticketmaster.com.br\/pt\/wp-json\/wp\/v2\/comments?post=55549"}],"version-history":[{"count":0,"href":"https:\/\/business.ticketmaster.com.br\/pt\/wp-json\/wp\/v2\/pages\/55549\/revisions"}],"wp:attachment":[{"href":"https:\/\/business.ticketmaster.com.br\/pt\/wp-json\/wp\/v2\/media?parent=55549"}],"wp:term":[{"taxonomy":"admin-category","embeddable":true,"href":"https:\/\/business.ticketmaster.com.br\/pt\/wp-json\/wp\/v2\/admin-category?post=55549"},{"taxonomy":"solution","embeddable":true,"href":"https:\/\/business.ticketmaster.com.br\/pt\/wp-json\/wp\/v2\/solution?post=55549"},{"taxonomy":"segment","embeddable":true,"href":"https:\/\/business.ticketmaster.com.br\/pt\/wp-json\/wp\/v2\/segment?post=55549"},{"taxonomy":"venue","embeddable":true,"href":"https:\/\/business.ticketmaster.com.br\/pt\/wp-json\/wp\/v2\/venue?post=55549"},{"taxonomy":"topic","embeddable":true,"href":"https:\/\/business.ticketmaster.com.br\/pt\/wp-json\/wp\/v2\/topic?post=55549"}],"curies":[{"name":"wp","href":"https:\/\/api.w.org\/{rel}","templated":true}]}}